{"id":4224,"date":"2021-11-14T16:47:52","date_gmt":"2021-11-14T16:47:52","guid":{"rendered":"http:\/\/test.geomaxx.pl\/?page_id=4224"},"modified":"2022-01-16T21:42:38","modified_gmt":"2022-01-16T21:42:38","slug":"formularz-kontaktowy","status":"publish","type":"page","link":"https:\/\/www.geomaxx.pl\/ua\/formularz-kontaktowy\/","title":{"rendered":"Formularz kontaktowy"},"content":{"rendered":"<div data-elementor-type=\"wp-post\" data-elementor-id=\"4224\" class=\"elementor elementor-4224\" data-elementor-settings=\"{&quot;ha_cmc_init_switcher&quot;:&quot;no&quot;}\">\n\t\t\t\t\t\t<section class=\"elementor-section elementor-top-section elementor-element elementor-element-34a8401 elementor-section-boxed elementor-section-height-default elementor-section-height-default jltma-glass-effect-no\" data-id=\"34a8401\" data-element_type=\"section\" data-e-type=\"section\" data-settings=\"{&quot;background_background&quot;:&quot;gradient&quot;,&quot;_ha_eqh_enable&quot;:false}\">\n\t\t\t\t\t\t<div class=\"elementor-container elementor-column-gap-default\">\n\t\t\t\t\t<div class=\"elementor-column elementor-col-100 elementor-top-column elementor-element elementor-element-8865d5d jltma-glass-effect-no\" data-id=\"8865d5d\" data-element_type=\"column\" data-e-type=\"column\">\n\t\t\t<div class=\"elementor-widget-wrap elementor-element-populated\">\n\t\t\t\t\t\t<div class=\"elementor-element elementor-element-0de1136 jltma-glass-effect-no elementor-widget elementor-widget-heading\" data-id=\"0de1136\" data-element_type=\"widget\" data-e-type=\"widget\" data-widget_type=\"heading.default\">\n\t\t\t\t<div class=\"elementor-widget-container\">\n\t\t\t\t\t<h2 class=\"elementor-heading-title elementor-size-default\">Formularz kontaktowy<\/h2>\t\t\t\t<\/div>\n\t\t\t\t<\/div>\n\t\t\t\t<section class=\"elementor-section elementor-inner-section elementor-element elementor-element-60220dc elementor-section-boxed elementor-section-height-default elementor-section-height-default jltma-glass-effect-no\" data-id=\"60220dc\" data-element_type=\"section\" data-e-type=\"section\" data-settings=\"{&quot;_ha_eqh_enable&quot;:false}\">\n\t\t\t\t\t\t<div class=\"elementor-container elementor-column-gap-no\">\n\t\t\t\t\t<div class=\"elementor-column elementor-col-100 elementor-inner-column elementor-element elementor-element-26a7ec9 jltma-glass-effect-no\" data-id=\"26a7ec9\" data-element_type=\"column\" data-e-type=\"column\" data-settings=\"{&quot;background_background&quot;:&quot;classic&quot;}\">\n\t\t\t<div class=\"elementor-widget-wrap elementor-element-populated\">\n\t\t\t\t\t\t<div class=\"elementor-element elementor-element-e11f374 jltma-glass-effect-no elementor-widget elementor-widget-ma-contact-form-7 jltma-addon ma-contact-form-7\" data-id=\"e11f374\" data-element_type=\"widget\" data-e-type=\"widget\" data-widget_type=\"ma-contact-form-7.default\">\n\t\t\t\t<div class=\"elementor-widget-container\">\n\t\t\t\t\t\t\t\t\t<div class=\"master-addons-cf7 ma-cf ma-cf-1 master-addons-cf7-e11f374\">\n\t\t\t\t\t<p class=\"wpcf7-contact-form-not-found\"><strong>\u041f\u043e\u043c\u0438\u043b\u043a\u0430:<\/strong> Contact form \u043d\u0435 \u0437\u043d\u0430\u0439\u0434\u0435\u043d\u0430.<\/p>\t\t\t\t<\/div>\n\t\t\t\t\t\t\t\t<\/div>\n\t\t\t\t<\/div>\n\t\t\t\t\t<\/div>\n\t\t<\/div>\n\t\t\t\t\t<\/div>\n\t\t<\/section>\n\t\t\t\t\t<\/div>\n\t\t<\/div>\n\t\t\t\t\t<\/div>\n\t\t<\/section>\n\t\t\t\t<\/div>","protected":false},"excerpt":{"rendered":"<p>Contact Us Contact for Premium Business Services Lorem ipsum dolor sit amet, consectetuer adipiscing elit. Suspendisse et justo. Praesent mattis commodo augue.\u00a0Aliquam ornare hendrerit augue. Request Free Consultation Get In Touch Reach Us 123\/B, Route 66, Downtown, Washington, DC 20004, US\u200b info@example.com\u200b +001 987-654-3210 +001 987-654-3210 Call us Toll Free 1-800-1234-567 Would you like to &hellip;<\/p>\n<p class=\"read-more\"> <a class=\"\" href=\"https:\/\/websitedemos.net\/agency-02\/contact\/\"> <span class=\"screen-reader-text\">Contact<\/span> Read More &raquo;<\/a><\/p>","protected":false},"author":4,"featured_media":0,"parent":0,"menu_order":20,"comment_status":"closed","ping_status":"closed","template":"elementor_header_footer","meta":{"site-sidebar-layout":"no-sidebar","site-content-layout":"page-builder","ast-global-header-display":"","ast-banner-title-visibility":"","ast-main-header-display":"","ast-hfb-above-header-display":"","ast-hfb-below-header-display":"","ast-hfb-mobile-header-display":"","site-post-title":"disabled","ast-breadcrumbs-content":"","ast-featured-img":"disabled","footer-sml-layout":"","theme-transparent-header-meta":"default","adv-header-id-meta":"","stick-header-meta":"default","header-above-stick-meta":"","header-main-stick-meta":"","header-below-stick-meta":"","footnotes":""},"class_list":["post-4224","page","type-page","status-publish","hentry"],"yoast_head":"<!-- This site is optimized with the Yoast SEO Premium plugin v27.3 (Yoast SEO v27.3) - https:\/\/yoast.com\/product\/yoast-seo-premium-wordpress\/ -->\n<title>Formularz kontaktowy - Geomaxx<\/title>\n<meta name=\"robots\" content=\"index, follow, max-snippet:-1, max-image-preview:large, max-video-preview:-1\" \/>\n<link rel=\"canonical\" href=\"https:\/\/www.geomaxx.pl\/ua\/formularz-kontaktowy\/\" \/>\n<meta property=\"og:locale\" content=\"uk_UA\" \/>\n<meta property=\"og:type\" content=\"article\" \/>\n<meta property=\"og:title\" content=\"Formularz kontaktowy - Geomaxx\" \/>\n<meta property=\"og:description\" content=\"Contact Us Contact for Premium Business Services Lorem ipsum dolor sit amet, consectetuer adipiscing elit. Suspendisse et justo. Praesent mattis commodo augue.\u00a0Aliquam ornare hendrerit augue. Request Free Consultation Get In Touch Reach Us 123\/B, Route 66, Downtown, Washington, DC 20004, US\u200b info@example.com\u200b +001 987-654-3210 +001 987-654-3210 Call us Toll Free 1-800-1234-567 Would you like to &hellip;  Contact Read More &raquo;\" \/>\n<meta property=\"og:url\" content=\"https:\/\/www.geomaxx.pl\/ua\/formularz-kontaktowy\/\" \/>\n<meta property=\"og:site_name\" content=\"Geomaxx\" \/>\n<meta property=\"article:modified_time\" content=\"2022-01-16T21:42:38+00:00\" \/>\n<meta property=\"og:image\" content=\"https:\/\/www.geomaxx.pl\/wp-content\/uploads\/2023\/01\/cropped-GM_logo_rebrand_top_navi.png\" \/>\n\t<meta property=\"og:image:width\" content=\"219\" \/>\n\t<meta property=\"og:image:height\" content=\"71\" \/>\n\t<meta property=\"og:image:type\" content=\"image\/png\" \/>\n<meta name=\"twitter:card\" content=\"summary_large_image\" \/>\n<meta name=\"twitter:label1\" content=\"\u041f\u0440\u0438\u0431\u043b. \u0447\u0430\u0441 \u0447\u0438\u0442\u0430\u043d\u043d\u044f\" \/>\n\t<meta name=\"twitter:data1\" content=\"2 \u0445\u0432\u0438\u043b\u0438\u043d\u0438\" \/>\n<script type=\"application\/ld+json\" class=\"yoast-schema-graph\">{\"@context\":\"https:\\\/\\\/schema.org\",\"@graph\":[{\"@type\":\"WebPage\",\"@id\":\"https:\\\/\\\/www.geomaxx.pl\\\/formularz-kontaktowy\\\/\",\"url\":\"https:\\\/\\\/www.geomaxx.pl\\\/formularz-kontaktowy\\\/\",\"name\":\"Formularz kontaktowy - Geomaxx\",\"isPartOf\":{\"@id\":\"https:\\\/\\\/www.geomaxx.pl\\\/#website\"},\"datePublished\":\"2021-11-14T16:47:52+00:00\",\"dateModified\":\"2022-01-16T21:42:38+00:00\",\"inLanguage\":\"uk\",\"potentialAction\":[{\"@type\":\"ReadAction\",\"target\":[\"https:\\\/\\\/www.geomaxx.pl\\\/formularz-kontaktowy\\\/\"]}]},{\"@type\":\"WebSite\",\"@id\":\"https:\\\/\\\/www.geomaxx.pl\\\/#website\",\"url\":\"https:\\\/\\\/www.geomaxx.pl\\\/\",\"name\":\"Geomaxx\",\"description\":\"Geo Globe Polska - producent systemu geosiatek kom\u00f3rkowych GEOMAXX\u00ae. Termoformowanie pr\u00f3\u017cniowe tworzyw sztucznych. Wieloletnie do\u015bwiadczenie, globalny\",\"publisher\":{\"@id\":\"https:\\\/\\\/www.geomaxx.pl\\\/#organization\"},\"potentialAction\":[{\"@type\":\"SearchAction\",\"target\":{\"@type\":\"EntryPoint\",\"urlTemplate\":\"https:\\\/\\\/www.geomaxx.pl\\\/?s={search_term_string}\"},\"query-input\":{\"@type\":\"PropertyValueSpecification\",\"valueRequired\":true,\"valueName\":\"search_term_string\"}}],\"inLanguage\":\"uk\"},{\"@type\":\"Organization\",\"@id\":\"https:\\\/\\\/www.geomaxx.pl\\\/#organization\",\"name\":\"Geomaxx\",\"url\":\"https:\\\/\\\/www.geomaxx.pl\\\/\",\"logo\":{\"@type\":\"ImageObject\",\"inLanguage\":\"uk\",\"@id\":\"https:\\\/\\\/www.geomaxx.pl\\\/#\\\/schema\\\/logo\\\/image\\\/\",\"url\":\"https:\\\/\\\/www.geomaxx.pl\\\/wp-content\\\/uploads\\\/2023\\\/01\\\/cropped-GM_logo_rebrand_top_navi.png\",\"contentUrl\":\"https:\\\/\\\/www.geomaxx.pl\\\/wp-content\\\/uploads\\\/2023\\\/01\\\/cropped-GM_logo_rebrand_top_navi.png\",\"width\":219,\"height\":71,\"caption\":\"Geomaxx\"},\"image\":{\"@id\":\"https:\\\/\\\/www.geomaxx.pl\\\/#\\\/schema\\\/logo\\\/image\\\/\"}}]}<\/script>\n<!-- \/ Yoast SEO Premium plugin. -->","yoast_head_json":{"title":"Formularz kontaktowy - Geomaxx","robots":{"index":"index","follow":"follow","max-snippet":"max-snippet:-1","max-image-preview":"max-image-preview:large","max-video-preview":"max-video-preview:-1"},"canonical":"https:\/\/www.geomaxx.pl\/ua\/formularz-kontaktowy\/","og_locale":"uk_UA","og_type":"article","og_title":"Formularz kontaktowy - Geomaxx","og_description":"Contact Us Contact for Premium Business Services Lorem ipsum dolor sit amet, consectetuer adipiscing elit. Suspendisse et justo. Praesent mattis commodo augue.\u00a0Aliquam ornare hendrerit augue. Request Free Consultation Get In Touch Reach Us 123\/B, Route 66, Downtown, Washington, DC 20004, US\u200b info@example.com\u200b +001 987-654-3210 +001 987-654-3210 Call us Toll Free 1-800-1234-567 Would you like to &hellip;  Contact Read More &raquo;","og_url":"https:\/\/www.geomaxx.pl\/ua\/formularz-kontaktowy\/","og_site_name":"Geomaxx","article_modified_time":"2022-01-16T21:42:38+00:00","og_image":[{"width":219,"height":71,"url":"https:\/\/www.geomaxx.pl\/wp-content\/uploads\/2023\/01\/cropped-GM_logo_rebrand_top_navi.png","type":"image\/png"}],"twitter_card":"summary_large_image","twitter_misc":{"\u041f\u0440\u0438\u0431\u043b. \u0447\u0430\u0441 \u0447\u0438\u0442\u0430\u043d\u043d\u044f":"2 \u0445\u0432\u0438\u043b\u0438\u043d\u0438"},"schema":{"@context":"https:\/\/schema.org","@graph":[{"@type":"WebPage","@id":"https:\/\/www.geomaxx.pl\/formularz-kontaktowy\/","url":"https:\/\/www.geomaxx.pl\/formularz-kontaktowy\/","name":"Formularz kontaktowy - Geomaxx","isPartOf":{"@id":"https:\/\/www.geomaxx.pl\/#website"},"datePublished":"2021-11-14T16:47:52+00:00","dateModified":"2022-01-16T21:42:38+00:00","inLanguage":"uk","potentialAction":[{"@type":"ReadAction","target":["https:\/\/www.geomaxx.pl\/formularz-kontaktowy\/"]}]},{"@type":"WebSite","@id":"https:\/\/www.geomaxx.pl\/#website","url":"https:\/\/www.geomaxx.pl\/","name":"Geomaxx","description":"Geo Globe Polska - producent systemu geosiatek kom\u00f3rkowych GEOMAXX\u00ae. Termoformowanie pr\u00f3\u017cniowe tworzyw sztucznych. Wieloletnie do\u015bwiadczenie, globalny","publisher":{"@id":"https:\/\/www.geomaxx.pl\/#organization"},"potentialAction":[{"@type":"SearchAction","target":{"@type":"EntryPoint","urlTemplate":"https:\/\/www.geomaxx.pl\/?s={search_term_string}"},"query-input":{"@type":"PropertyValueSpecification","valueRequired":true,"valueName":"search_term_string"}}],"inLanguage":"uk"},{"@type":"Organization","@id":"https:\/\/www.geomaxx.pl\/#organization","name":"Geomaxx","url":"https:\/\/www.geomaxx.pl\/","logo":{"@type":"ImageObject","inLanguage":"uk","@id":"https:\/\/www.geomaxx.pl\/#\/schema\/logo\/image\/","url":"https:\/\/www.geomaxx.pl\/wp-content\/uploads\/2023\/01\/cropped-GM_logo_rebrand_top_navi.png","contentUrl":"https:\/\/www.geomaxx.pl\/wp-content\/uploads\/2023\/01\/cropped-GM_logo_rebrand_top_navi.png","width":219,"height":71,"caption":"Geomaxx"},"image":{"@id":"https:\/\/www.geomaxx.pl\/#\/schema\/logo\/image\/"}}]}},"_links":{"self":[{"href":"https:\/\/www.geomaxx.pl\/ua\/wp-json\/wp\/v2\/pages\/4224","targetHints":{"allow":["GET"]}}],"collection":[{"href":"https:\/\/www.geomaxx.pl\/ua\/wp-json\/wp\/v2\/pages"}],"about":[{"href":"https:\/\/www.geomaxx.pl\/ua\/wp-json\/wp\/v2\/types\/page"}],"author":[{"embeddable":true,"href":"https:\/\/www.geomaxx.pl\/ua\/wp-json\/wp\/v2\/users\/4"}],"replies":[{"embeddable":true,"href":"https:\/\/www.geomaxx.pl\/ua\/wp-json\/wp\/v2\/comments?post=4224"}],"version-history":[{"count":0,"href":"https:\/\/www.geomaxx.pl\/ua\/wp-json\/wp\/v2\/pages\/4224\/revisions"}],"wp:attachment":[{"href":"https:\/\/www.geomaxx.pl\/ua\/wp-json\/wp\/v2\/media?parent=4224"}],"curies":[{"name":"wp","href":"https:\/\/api.w.org\/{rel}","templated":true}]}}